{"id":7921,"date":"2025-01-27T15:27:12","date_gmt":"2025-01-27T12:27:12","guid":{"rendered":"https:\/\/peero.app\/?page_id=7921"},"modified":"2025-04-24T11:00:20","modified_gmt":"2025-04-24T08:00:20","slug":"peero-app-data-subprocessors","status":"publish","type":"page","link":"https:\/\/peero.app\/en\/peero-app-data-subprocessors\/","title":{"rendered":"Peero App Data Subprocessors"},"content":{"rendered":"\t\t<div data-elementor-type=\"wp-page\" data-elementor-id=\"7921\" class=\"elementor elementor-7921\" data-elementor-post-type=\"page\">\n\t\t\t\t\t\t<section class=\"elementor-section elementor-top-section elementor-element elementor-element-bc611e0 elementor-section-boxed elementor-section-height-default elementor-section-height-default\" data-id=\"bc611e0\" data-element_type=\"section\">\n\t\t\t\t\t\t<div class=\"elementor-container elementor-column-gap-default\">\n\t\t\t\t\t<div class=\"elementor-column elementor-col-100 elementor-top-column elementor-element elementor-element-b136e1e\" data-id=\"b136e1e\" data-element_type=\"column\">\n\t\t\t<div class=\"elementor-widget-wrap elementor-element-populated\">\n\t\t\t\t\t\t<div class=\"elementor-element elementor-element-3ddcb42 elementor-tabs-view-horizontal elementor-widget elementor-widget-tabs\" data-id=\"3ddcb42\" data-element_type=\"widget\" data-widget_type=\"tabs.default\">\n\t\t\t\t<div class=\"elementor-widget-container\">\n\t\t\t\t\t\t\t<div class=\"elementor-tabs\">\n\t\t\t<div class=\"elementor-tabs-wrapper\" role=\"tablist\" >\n\t\t\t\t\t\t\t\t\t<div id=\"elementor-tab-title-6481\" class=\"elementor-tab-title elementor-tab-desktop-title\" aria-selected=\"true\" data-tab=\"1\" role=\"tab\" tabindex=\"0\" aria-controls=\"elementor-tab-content-6481\" aria-expanded=\"false\">English<\/div>\n\t\t\t\t\t\t\t\t\t<div id=\"elementor-tab-title-6482\" class=\"elementor-tab-title elementor-tab-desktop-title\" aria-selected=\"false\" data-tab=\"2\" role=\"tab\" tabindex=\"-1\" aria-controls=\"elementor-tab-content-6482\" aria-expanded=\"false\">Latvie\u0161u<\/div>\n\t\t\t\t\t\t\t<\/div>\n\t\t\t<div class=\"elementor-tabs-content-wrapper\" role=\"tablist\" aria-orientation=\"vertical\">\n\t\t\t\t\t\t\t\t\t<div class=\"elementor-tab-title elementor-tab-mobile-title\" aria-selected=\"true\" data-tab=\"1\" role=\"tab\" tabindex=\"0\" aria-controls=\"elementor-tab-content-6481\" aria-expanded=\"false\">English<\/div>\n\t\t\t\t\t<div id=\"elementor-tab-content-6481\" class=\"elementor-tab-content elementor-clearfix\" data-tab=\"1\" role=\"tabpanel\" aria-labelledby=\"elementor-tab-title-6481\" tabindex=\"0\" hidden=\"false\"><h3><strong>PEERO DATA SUBPROCESSORS<\/strong><\/h3><p>\u00a0<\/p><hr \/><p>\u00a0<\/p><table width=\"100%\"><tbody><tr><td width=\"5%\"><strong>No.<\/strong><\/td><td width=\"15%\"><strong>Name \/ Platform<\/strong><\/td><td width=\"55%\"><strong>Basis<\/strong><\/td><td width=\"25%\"><strong>Data to be processed<\/strong><\/td><\/tr><tr><td width=\"5%\"><strong>1<\/strong><\/td><td width=\"15%\"><a href=\"https:\/\/privacy.microsoft.com\/en-us\/privacystatement\">Microsoft Azure Services<\/a><\/td><td width=\"55%\">Stores Peero application data base and its back-ups. Sends registration e-mail to System user, password update e-mail to System used.<\/td><td width=\"25%\">All Peero data set.<\/td><\/tr><tr><td width=\"5%\"><strong>2<\/strong><\/td><td width=\"15%\"><a href=\"https:\/\/privacy.microsoft.com\/en-us\/privacystatement\">Microsoft Teams<\/a><\/td><td width=\"55%\">Peero application integration at Microsoft Teams platform. Provides System user access to the application via Microsoft Teams. Integration does not provide System administrator functionality.<br \/>*Data is processed only in the case when Peero App is integrated with MS Teams.<\/td><td width=\"25%\">Peero does not store data, application holder to ensure access to the application via Microsoft Teams platform.<\/td><\/tr><tr><td width=\"5%\"><strong>3<\/strong><\/td><td width=\"15%\"><a href=\"https:\/\/privacy.microsoft.com\/en-us\/privacystatement\">Microsoft Power BI Service<\/a><\/td><td width=\"55%\">Portal used to display Peero data analytic and access. SIA Peero employee prepares a local data analytic file in Power BI format (.pbix) published on Power BI Service portal (powerbi.com). Via the portal, Peero employee shares with the data analytic report access with specific, client-defined persons.<\/td><td width=\"25%\">All Peero data set (after selection for a specific community).<\/td><\/tr><tr><td width=\"5%\"><strong>4<\/strong><\/td><td width=\"15%\"><a href=\"https:\/\/onesignal.com\/privacy_policy\">Onesignal<\/a><\/td><td width=\"55%\">Notification service that handles notifications to the Peero web portal, iOS and Android apps.<\/td><td width=\"25%\">User (notification recipient) device model, browser, unique identifier.<\/td><\/tr><tr><td width=\"5%\"><strong>5<\/strong><\/td><td width=\"15%\"><a href=\"https:\/\/aws.amazon.com\/s3\/\">Amazon S3<\/a><\/td><td width=\"55%\">Image storage service that stores images embedded in the Peero app.<\/td><td width=\"25%\">Images uploaded by the user to the Peero app.<\/td><\/tr><tr><td width=\"5%\"><strong>6.<\/strong><\/td><td width=\"15%\"><a href=\"https:\/\/aws.amazon.com\/ses\/\">Amazon SES<\/a><\/td><td width=\"55%\">Email sending service configured to no-reply@peero.app.<\/td><td width=\"25%\">User (recipient) email.<\/td><\/tr><\/tbody><\/table><p>\u00a0<\/p><hr \/><p>\u00a0<\/p><p>Latest updates introduced in April 2025<\/p><\/div>\n\t\t\t\t\t\t\t\t\t<div class=\"elementor-tab-title elementor-tab-mobile-title\" aria-selected=\"false\" data-tab=\"2\" role=\"tab\" tabindex=\"-1\" aria-controls=\"elementor-tab-content-6482\" aria-expanded=\"false\">Latvie\u0161u<\/div>\n\t\t\t\t\t<div id=\"elementor-tab-content-6482\" class=\"elementor-tab-content elementor-clearfix\" data-tab=\"2\" role=\"tabpanel\" aria-labelledby=\"elementor-tab-title-6482\" tabindex=\"0\" hidden=\"hidden\"><h3><strong>PEERO DATU APAK\u0160APSTR\u0100D\u0100T\u0100JI<\/strong><\/h3><p>\u00a0<\/p><hr \/><p>\u00a0<\/p><table width=\"100%\"><tbody><tr><td width=\"5%\"><strong>Nr.<\/strong><\/td><td width=\"15%\"><strong>Nosaukums \/ Platforma<\/strong><\/td><td width=\"55%\"><strong>Pamatojums<\/strong><\/td><td width=\"25%\"><strong>Apstr\u0101d\u0101jamie dati<\/strong><\/td><\/tr><tr><td width=\"5%\"><strong>1.<\/strong><\/td><td width=\"15%\"><a href=\"https:\/\/privacy.microsoft.com\/en-us\/privacystatement\">Microsoft Azure Services<\/a><\/td><td width=\"55%\">Glab\u0101 Peero lietotnes datu b\u0101zi un t\u0101s dubl\u0113jumus. Izs\u016bta re\u0123istr\u0101cijas e-pastu Sist\u0113mas lietot\u0101jam, paroles atjaunin\u0101\u0161anas e-pastu Sist\u0113mas lietot\u0101jam.<\/td><td width=\"25%\">Visa Peero datu kopa.<\/td><\/tr><tr><td width=\"5%\"><strong>2.<\/strong><\/td><td width=\"15%\"><a href=\"https:\/\/privacy.microsoft.com\/en-us\/privacystatement\">Microsoft Teams<\/a><\/td><td width=\"55%\">Peero lietotnes integr\u0101cija Microsoft Teams platform\u0101. Nodro\u0161ina Sist\u0113mas lietot\u0101jam piek\u013cuvi lietotnei caur Microsoft Teams. Integr\u0101cija nenodro\u0161ina Sist\u0113mas administratora funkcionalit\u0101ti.<br \/>*Dati tiek apstr\u0101d\u0101ti, ja Peero lietotne ir integr\u0113ta MS Teams platform\u0101.<\/td><td width=\"25%\">Peero datus neglab\u0101, lietotnes tur\u0113t\u0101js, lai nodro\u0161in\u0101tu lietotnes pieeju platform\u0101 Microsoft Teams.<\/td><\/tr><tr><td width=\"5%\"><strong>3.<\/strong><\/td><td width=\"15%\"><a href=\"https:\/\/privacy.microsoft.com\/en-us\/privacystatement\">Microsoft Power BI Service<\/a><\/td><td width=\"55%\">Port\u0101ls, ko izmanto Peero datu anal\u012btikas att\u0113lo\u0161anai un piek\u013cuvei. SIA Peero darbinieks sagatavo lok\u0101lu datu anal\u012btikas datni Power BI form\u0101t\u0101 (.pbix), ko public\u0113 Power BI Service port\u0101l\u0101 (powerbi.com). No port\u0101la, Peero darbinieks dal\u0101s ar datu anal\u012btikas atskaites pieeju ar konkr\u0113tiem, klienta defin\u0113tiem cilv\u0113kiem.<\/td><td width=\"25%\">Visa Peero datu kopa (p\u0113c atlases konkr\u0113tai kopienai).<\/td><\/tr><tr><td width=\"5%\"><strong>4.<\/strong><\/td><td width=\"15%\"><a href=\"https:\/\/onesignal.com\/privacy_policy\">Onesignal<\/a><\/td><td width=\"55%\">Pazi\u0146ojumu serviss, kas apstr\u0101d\u0101 pazi\u0146ojumus uz Peero t\u012bmek\u013ca port\u0101lu, iOS un Android lietotn\u0113m.<\/td><td width=\"25%\">Lietot\u0101ja (pazi\u0146ojuma sa\u0146\u0113m\u0113ja) ier\u012bces modelis, p\u0101rl\u016bks, unik\u0101ls identifikators.<\/td><\/tr><tr><td width=\"5%\"><strong>5.<\/strong><\/td><td width=\"15%\"><a href=\"https:\/\/aws.amazon.com\/s3\/\">Amazon S3<\/a><\/td><td width=\"55%\">Att\u0113lu glab\u0101\u0161anas serviss, kur\u0101 tiek glab\u0101ti Peero lietotn\u0113 ievietotie att\u0113li.<\/td><td width=\"25%\">Lietot\u0101ja aug\u0161upiel\u0101d\u0113tie att\u0113li Peero lietotn\u0113.<\/td><\/tr><tr><td width=\"5%\"><strong>6.<\/strong><\/td><td width=\"15%\"><a href=\"https:\/\/aws.amazon.com\/ses\/\">Amazon SES<\/a><\/td><td width=\"55%\">E-pastu izs\u016bt\u012b\u0161anas serviss, kas konfigur\u0113ts uz no-reply@peero.app.<\/td><td width=\"25%\">Lietot\u0101ja (sa\u0146\u0113m\u0113ja) e-pasts.<\/td><\/tr><\/tbody><\/table><p>\u00a0<\/p><hr \/><p>\u00a0<\/p><p>P\u0113d\u0113jo reizi p\u0101rskat\u012bts 2025. gada apr\u012bl\u012b<\/p><\/div>\n\t\t\t\t\t\t\t<\/div>\n\t\t<\/div>\n\t\t\t\t\t\t<\/div>\n\t\t\t\t<\/div>\n\t\t\t\t\t<\/div>\n\t\t<\/div>\n\t\t\t\t\t<\/div>\n\t\t<\/section>\n\t\t\t\t<\/div>\n\t\t","protected":false},"excerpt":{"rendered":"<p>English Latvie\u0161u English PEERO DATA SUBPROCESSORS \u00a0 \u00a0 No. Name \/ Platform Basis Data to be processed 1 Microsoft Azure [&hellip;]<\/p>\n","protected":false},"author":16,"featured_media":0,"parent":0,"menu_order":0,"comment_status":"closed","ping_status":"closed","template":"elementor_header_footer","meta":{"footnotes":""},"class_list":["post-7921","page","type-page","status-publish","hentry"],"yoast_head":"<!-- This site is optimized with the Yoast SEO plugin v27.0 - https:\/\/yoast.com\/product\/yoast-seo-wordpress\/ -->\n<title>Peero App Data Subprocessors - Peero<\/title>\n<meta name=\"robots\" content=\"index, follow, max-snippet:-1, max-image-preview:large, max-video-preview:-1\" \/>\n<link rel=\"canonical\" href=\"https:\/\/peero.app\/en\/peero-app-data-subprocessors\/\" \/>\n<meta property=\"og:locale\" content=\"en_US\" \/>\n<meta property=\"og:type\" content=\"article\" \/>\n<meta property=\"og:title\" content=\"Peero App Data Subprocessors - Peero\" \/>\n<meta property=\"og:description\" content=\"English Latvie\u0161u English PEERO DATA SUBPROCESSORS \u00a0 \u00a0 No. Name \/ Platform Basis Data to be processed 1 Microsoft Azure [&hellip;]\" \/>\n<meta property=\"og:url\" content=\"https:\/\/peero.app\/en\/peero-app-data-subprocessors\/\" \/>\n<meta property=\"og:site_name\" content=\"Peero\" \/>\n<meta property=\"article:publisher\" content=\"https:\/\/www.facebook.com\/peeroapp\/\" \/>\n<meta property=\"article:modified_time\" content=\"2025-04-24T08:00:20+00:00\" \/>\n<meta property=\"og:image\" content=\"https:\/\/peero.app\/wp-content\/uploads\/2022\/05\/MicrosoftTeams-image-185.png\" \/>\n\t<meta property=\"og:image:width\" content=\"1080\" \/>\n\t<meta property=\"og:image:height\" content=\"1080\" \/>\n\t<meta property=\"og:image:type\" content=\"image\/png\" \/>\n<meta name=\"twitter:card\" content=\"summary_large_image\" \/>\n<meta name=\"twitter:site\" content=\"@AppPeero\" \/>\n<meta name=\"twitter:label1\" content=\"Est. reading time\" \/>\n\t<meta name=\"twitter:data1\" content=\"2 minutes\" \/>\n<script type=\"application\/ld+json\" class=\"yoast-schema-graph\">{\"@context\":\"https:\/\/schema.org\",\"@graph\":[{\"@type\":\"WebPage\",\"@id\":\"https:\/\/peero.app\/en\/peero-app-data-subprocessors\/\",\"url\":\"https:\/\/peero.app\/en\/peero-app-data-subprocessors\/\",\"name\":\"Peero App Data Subprocessors - Peero\",\"isPartOf\":{\"@id\":\"https:\/\/peero.app\/en\/#website\"},\"datePublished\":\"2025-01-27T12:27:12+00:00\",\"dateModified\":\"2025-04-24T08:00:20+00:00\",\"inLanguage\":\"en-US\",\"potentialAction\":[{\"@type\":\"ReadAction\",\"target\":[\"https:\/\/peero.app\/en\/peero-app-data-subprocessors\/\"]}]},{\"@type\":\"WebSite\",\"@id\":\"https:\/\/peero.app\/en\/#website\",\"url\":\"https:\/\/peero.app\/en\/\",\"name\":\"Peero\",\"description\":\"HR solution\",\"publisher\":{\"@id\":\"https:\/\/peero.app\/en\/#organization\"},\"potentialAction\":[{\"@type\":\"SearchAction\",\"target\":{\"@type\":\"EntryPoint\",\"urlTemplate\":\"https:\/\/peero.app\/en\/?s={search_term_string}\"},\"query-input\":{\"@type\":\"PropertyValueSpecification\",\"valueRequired\":true,\"valueName\":\"search_term_string\"}}],\"inLanguage\":\"en-US\"},{\"@type\":\"Organization\",\"@id\":\"https:\/\/peero.app\/en\/#organization\",\"name\":\"PEERO\",\"url\":\"https:\/\/peero.app\/en\/\",\"logo\":{\"@type\":\"ImageObject\",\"inLanguage\":\"en-US\",\"@id\":\"https:\/\/peero.app\/en\/#\/schema\/logo\/image\/\",\"url\":\"https:\/\/peero.app\/wp-content\/uploads\/2022\/05\/MicrosoftTeams-image-185.png\",\"contentUrl\":\"https:\/\/peero.app\/wp-content\/uploads\/2022\/05\/MicrosoftTeams-image-185.png\",\"width\":1080,\"height\":1080,\"caption\":\"PEERO\"},\"image\":{\"@id\":\"https:\/\/peero.app\/en\/#\/schema\/logo\/image\/\"},\"sameAs\":[\"https:\/\/www.facebook.com\/peeroapp\/\",\"https:\/\/x.com\/AppPeero\",\"https:\/\/www.linkedin.com\/company\/peero-app\"]}]}<\/script>\n<!-- \/ Yoast SEO plugin. -->","yoast_head_json":{"title":"Peero App Data Subprocessors - Peero","robots":{"index":"index","follow":"follow","max-snippet":"max-snippet:-1","max-image-preview":"max-image-preview:large","max-video-preview":"max-video-preview:-1"},"canonical":"https:\/\/peero.app\/en\/peero-app-data-subprocessors\/","og_locale":"en_US","og_type":"article","og_title":"Peero App Data Subprocessors - Peero","og_description":"English Latvie\u0161u English PEERO DATA SUBPROCESSORS \u00a0 \u00a0 No. Name \/ Platform Basis Data to be processed 1 Microsoft Azure [&hellip;]","og_url":"https:\/\/peero.app\/en\/peero-app-data-subprocessors\/","og_site_name":"Peero","article_publisher":"https:\/\/www.facebook.com\/peeroapp\/","article_modified_time":"2025-04-24T08:00:20+00:00","og_image":[{"width":1080,"height":1080,"url":"https:\/\/peero.app\/wp-content\/uploads\/2022\/05\/MicrosoftTeams-image-185.png","type":"image\/png"}],"twitter_card":"summary_large_image","twitter_site":"@AppPeero","twitter_misc":{"Est. reading time":"2 minutes"},"schema":{"@context":"https:\/\/schema.org","@graph":[{"@type":"WebPage","@id":"https:\/\/peero.app\/en\/peero-app-data-subprocessors\/","url":"https:\/\/peero.app\/en\/peero-app-data-subprocessors\/","name":"Peero App Data Subprocessors - Peero","isPartOf":{"@id":"https:\/\/peero.app\/en\/#website"},"datePublished":"2025-01-27T12:27:12+00:00","dateModified":"2025-04-24T08:00:20+00:00","inLanguage":"en-US","potentialAction":[{"@type":"ReadAction","target":["https:\/\/peero.app\/en\/peero-app-data-subprocessors\/"]}]},{"@type":"WebSite","@id":"https:\/\/peero.app\/en\/#website","url":"https:\/\/peero.app\/en\/","name":"Peero","description":"HR solution","publisher":{"@id":"https:\/\/peero.app\/en\/#organization"},"potentialAction":[{"@type":"SearchAction","target":{"@type":"EntryPoint","urlTemplate":"https:\/\/peero.app\/en\/?s={search_term_string}"},"query-input":{"@type":"PropertyValueSpecification","valueRequired":true,"valueName":"search_term_string"}}],"inLanguage":"en-US"},{"@type":"Organization","@id":"https:\/\/peero.app\/en\/#organization","name":"PEERO","url":"https:\/\/peero.app\/en\/","logo":{"@type":"ImageObject","inLanguage":"en-US","@id":"https:\/\/peero.app\/en\/#\/schema\/logo\/image\/","url":"https:\/\/peero.app\/wp-content\/uploads\/2022\/05\/MicrosoftTeams-image-185.png","contentUrl":"https:\/\/peero.app\/wp-content\/uploads\/2022\/05\/MicrosoftTeams-image-185.png","width":1080,"height":1080,"caption":"PEERO"},"image":{"@id":"https:\/\/peero.app\/en\/#\/schema\/logo\/image\/"},"sameAs":["https:\/\/www.facebook.com\/peeroapp\/","https:\/\/x.com\/AppPeero","https:\/\/www.linkedin.com\/company\/peero-app"]}]}},"_links":{"self":[{"href":"https:\/\/peero.app\/en\/wp-json\/wp\/v2\/pages\/7921","targetHints":{"allow":["GET"]}}],"collection":[{"href":"https:\/\/peero.app\/en\/wp-json\/wp\/v2\/pages"}],"about":[{"href":"https:\/\/peero.app\/en\/wp-json\/wp\/v2\/types\/page"}],"author":[{"embeddable":true,"href":"https:\/\/peero.app\/en\/wp-json\/wp\/v2\/users\/16"}],"replies":[{"embeddable":true,"href":"https:\/\/peero.app\/en\/wp-json\/wp\/v2\/comments?post=7921"}],"version-history":[{"count":10,"href":"https:\/\/peero.app\/en\/wp-json\/wp\/v2\/pages\/7921\/revisions"}],"predecessor-version":[{"id":8071,"href":"https:\/\/peero.app\/en\/wp-json\/wp\/v2\/pages\/7921\/revisions\/8071"}],"wp:attachment":[{"href":"https:\/\/peero.app\/en\/wp-json\/wp\/v2\/media?parent=7921"}],"curies":[{"name":"wp","href":"https:\/\/api.w.org\/{rel}","templated":true}]}}